{"id":5118,"date":"2016-04-27T18:21:51","date_gmt":"2016-04-27T16:21:51","guid":{"rendered":"https:\/\/www.riposodelvento.it\/termini-e-condizioni\/"},"modified":"2025-02-18T19:49:08","modified_gmt":"2025-02-18T18:49:08","slug":"termes-et-conditions","status":"publish","type":"page","link":"https:\/\/www.riposodelvento.it\/fr\/termes-et-conditions\/","title":{"rendered":"Les termes et conditions"},"content":{"rendered":"<p><div class=\"fusion-fullwidth fullwidth-box fusion-builder-row-1 nonhundred-percent-fullwidth non-hundred-percent-height-scrolling\" style=\"background-color: rgba(255,255,255,0);background-position: center top;background-repeat: no-repeat;padding-top:0px;padding-right:0px;padding-bottom:0px;padding-left:0px;margin-bottom: 0px;margin-top: 0px;border-width: 0px 0px 0px 0px;border-color:#eae9e9;border-style:solid;\" ><div class=\"fusion-builder-row fusion-row\"><div class=\"fusion-layout-column fusion_builder_column fusion-builder-column-0 fusion_builder_column_1_1 1_1 fusion-one-full fusion-column-first fusion-column-last fusion-column-no-min-height\" style=\"margin-top:0px;margin-bottom:0px;\"><div class=\"fusion-column-wrapper fusion-flex-column-wrapper-legacy\" style=\"background-position:left top;background-repeat:no-repeat;-webkit-background-size:cover;-moz-background-size:cover;-o-background-size:cover;background-size:cover;padding: 0px 0px 0px 0px;\"><div class=\"fusion-text fusion-text-1\"><p style=\"letter-spacing: 4px; font-size: 13px; text-align: center; margin-bottom: 0px;\">AFIN QUE TOUT SOIT BIEN CLAIR<\/p>\n<h1 style=\"text-align: center;\">Les termes et conditions<\/h1>\n<\/div><div class=\"fusion-sep-clear\"><\/div><div class=\"fusion-separator\" style=\"margin-left: auto;margin-right: auto;margin-top:0px;margin-bottom:60px;width:100%;max-width:50px;\"><div class=\"fusion-separator-border sep-single sep-solid\" style=\"border-color:#cbaa5c;border-top-width:1px;\"><\/div><\/div><div class=\"fusion-sep-clear\"><\/div><div class=\"fusion-clearfix\"><\/div><\/div><\/div><\/div><\/div><div class=\"fusion-fullwidth fullwidth-box fusion-builder-row-2 termini-condizioni-testo nonhundred-percent-fullwidth non-hundred-percent-height-scrolling\" style=\"background-color: rgba(255,255,255,0);background-position: left top;background-repeat: no-repeat;padding-top:0px;padding-right:0px;padding-bottom:5px;padding-left:0px;margin-bottom: 0px;margin-top: 0px;border-width: 0px 0px 0px 0px;border-color:#eae9e9;border-style:solid;\" ><div class=\"fusion-builder-row fusion-row\"><div class=\"fusion-layout-column fusion_builder_column fusion-builder-column-1 fusion_builder_column_1_1 1_1 fusion-one-full fusion-column-first fusion-column-last fusion-column-no-min-height\" style=\"margin-top:0px;margin-bottom:0px;\"><div class=\"fusion-column-wrapper fusion-flex-column-wrapper-legacy\" style=\"background-position:left top;background-repeat:no-repeat;-webkit-background-size:cover;-moz-background-size:cover;-o-background-size:cover;background-size:cover;padding: 0px 0px 0px 0px;\"><style type='text\/css'>.reading-box-container-1 .element-bottomshadow:before,.reading-box-container-1 .element-bottomshadow:after{opacity:0.5;}<\/style><div class=\"fusion-reading-box-container reading-box-container-1\" style=\"margin-top:0px;margin-bottom:84px;\"><div class=\"reading-box reading-box-center\" style=\"background-color:description=;border-width:1px;border-color:#ebeef1;border-top-width:3px;border-top-color:var(--primary_color);border-style:solid;\"><h2>Un acompte de 30% est requis\n<\/h2><div class=\"reading-box-additional fusion-reading-box-additional\">\n<p>Lors de la confirmation de la r\u00e9servation, un acompte de 30% du co\u00fbt total du s\u00e9jour vous sera demand\u00e9. Ce n&#8217;est qu&#8217;apr\u00e8s le paiement que vous pourrez consid\u00e9rer la r\u00e9servation comme valide. Le solde devra \u00eatre pay\u00e9 avant le d\u00e9part.<\/p>\n<\/div><div class=\"fusion-clearfix\"><\/div><\/div><\/div><div class=\"fusion-text fusion-text-2\"><h3>POLITIQUE D\u2019ANNULATION<\/h3>\n<p>Perte de l&#8217;acompte pour les annulations moins de deux mois avant l&#8217;arriv\u00e9e.<\/p>\n<p>Si l&#8217;annulation se produit 10 jours avant l&#8217;arriv\u00e9e ou apr\u00e8s l&#8217;enregistrement (en cas de d\u00e9part anticip\u00e9) pour toute raison, nous appliquerons les p\u00e9nalit\u00e9s suivantes : facturation de l&#8217;int\u00e9gralit\u00e9 du s\u00e9jour r\u00e9serv\u00e9 et confirm\u00e9.<\/p>\n<h3>CHECK-IN et CHECK-OUT<\/h3>\n<p>CHECK-IN : de 14h00 \u00e0 20h00<\/p>\n<p><strong>Remarque : L&#8217;heure d&#8217;arriv\u00e9e doit nous \u00eatre communiqu\u00e9e au plus tard la veille de l&#8217;arriv\u00e9e.<\/strong><br \/>\n<strong>Notre pr\u00e9sence est garantie uniquement pendant les heures de check-in communiqu\u00e9es et convenues.<\/strong><\/p>\n<p>En dehors de ces heures, le check-in ne sera pas possible sauf accord pr\u00e9alable avec nous.<\/p>\n<p>En cas de check-in tardif au-del\u00e0 de 20h00 qui a \u00e9t\u00e9 pr\u00e9alablement convenu, un suppl\u00e9ment de 15 euros sera appliqu\u00e9.<\/p>\n<p>CHECK-OUT : avant 10h30<\/p>\n<h3>PETIT DEJEUNER<\/h3>\n<p>Le petit d\u00e9jeuner sera servi sous forme de buffet de 8h30 \u00e0 10h00.<\/p>\n<\/div><div class=\"fusion-clearfix\"><\/div><\/div><\/div><\/div><\/div><\/p>\n","protected":false},"excerpt":{"rendered":"","protected":false},"author":1,"featured_media":0,"parent":0,"menu_order":0,"comment_status":"closed","ping_status":"closed","template":"100-width.php","meta":{"_exactmetrics_skip_tracking":false,"_exactmetrics_sitenote_active":false,"_exactmetrics_sitenote_note":"","_exactmetrics_sitenote_category":0,"footnotes":""},"class_list":["post-5118","page","type-page","status-publish","hentry"],"yoast_head":"<!-- This site is optimized with the Yoast SEO plugin v27.2 - https:\/\/yoast.com\/product\/yoast-seo-wordpress\/ -->\n<title>Les termes et conditions - Riposo del Vento<\/title>\n<meta name=\"robots\" content=\"index, follow, max-snippet:-1, max-image-preview:large, max-video-preview:-1\" \/>\n<link rel=\"canonical\" href=\"https:\/\/riposodelvento.it\/fr\/termes-et-conditions\/\" \/>\n<meta property=\"og:locale\" content=\"fr_FR\" \/>\n<meta property=\"og:type\" content=\"article\" \/>\n<meta property=\"og:title\" content=\"Les termes et conditions - Riposo del Vento\" \/>\n<meta property=\"og:url\" content=\"https:\/\/riposodelvento.it\/fr\/termes-et-conditions\/\" \/>\n<meta property=\"og:site_name\" content=\"Riposo del Vento\" \/>\n<meta property=\"article:modified_time\" content=\"2025-02-18T18:49:08+00:00\" \/>\n<meta name=\"twitter:card\" content=\"summary_large_image\" \/>\n<meta name=\"twitter:label1\" content=\"Est. reading time\" \/>\n\t<meta name=\"twitter:data1\" content=\"2 minutes\" \/>\n<script type=\"application\/ld+json\" class=\"yoast-schema-graph\">{\"@context\":\"https:\/\/schema.org\",\"@graph\":[{\"@type\":\"WebPage\",\"@id\":\"https:\/\/riposodelvento.it\/fr\/termes-et-conditions\/\",\"url\":\"https:\/\/riposodelvento.it\/fr\/termes-et-conditions\/\",\"name\":\"Les termes et conditions - Riposo del Vento\",\"isPartOf\":{\"@id\":\"https:\/\/www.riposodelvento.it\/en\/#website\"},\"datePublished\":\"2016-04-27T16:21:51+00:00\",\"dateModified\":\"2025-02-18T18:49:08+00:00\",\"breadcrumb\":{\"@id\":\"https:\/\/riposodelvento.it\/fr\/termes-et-conditions\/#breadcrumb\"},\"inLanguage\":\"fr-FR\",\"potentialAction\":[{\"@type\":\"ReadAction\",\"target\":[\"https:\/\/riposodelvento.it\/fr\/termes-et-conditions\/\"]}]},{\"@type\":\"BreadcrumbList\",\"@id\":\"https:\/\/riposodelvento.it\/fr\/termes-et-conditions\/#breadcrumb\",\"itemListElement\":[{\"@type\":\"ListItem\",\"position\":1,\"name\":\"Home\",\"item\":\"https:\/\/riposodelvento.it\/\"},{\"@type\":\"ListItem\",\"position\":2,\"name\":\"Les termes et conditions\"}]},{\"@type\":\"WebSite\",\"@id\":\"https:\/\/www.riposodelvento.it\/en\/#website\",\"url\":\"https:\/\/www.riposodelvento.it\/en\/\",\"name\":\"Riposo del Vento\",\"description\":\"Trulli e B&amp;B in Puglia\",\"potentialAction\":[{\"@type\":\"SearchAction\",\"target\":{\"@type\":\"EntryPoint\",\"urlTemplate\":\"https:\/\/www.riposodelvento.it\/en\/?s={search_term_string}\"},\"query-input\":{\"@type\":\"PropertyValueSpecification\",\"valueRequired\":true,\"valueName\":\"search_term_string\"}}],\"inLanguage\":\"fr-FR\"}]}<\/script>\n<!-- \/ Yoast SEO plugin. -->","yoast_head_json":{"title":"Les termes et conditions - Riposo del Vento","robots":{"index":"index","follow":"follow","max-snippet":"max-snippet:-1","max-image-preview":"max-image-preview:large","max-video-preview":"max-video-preview:-1"},"canonical":"https:\/\/riposodelvento.it\/fr\/termes-et-conditions\/","og_locale":"fr_FR","og_type":"article","og_title":"Les termes et conditions - Riposo del Vento","og_url":"https:\/\/riposodelvento.it\/fr\/termes-et-conditions\/","og_site_name":"Riposo del Vento","article_modified_time":"2025-02-18T18:49:08+00:00","twitter_card":"summary_large_image","twitter_misc":{"Est. reading time":"2 minutes"},"schema":{"@context":"https:\/\/schema.org","@graph":[{"@type":"WebPage","@id":"https:\/\/riposodelvento.it\/fr\/termes-et-conditions\/","url":"https:\/\/riposodelvento.it\/fr\/termes-et-conditions\/","name":"Les termes et conditions - Riposo del Vento","isPartOf":{"@id":"https:\/\/www.riposodelvento.it\/en\/#website"},"datePublished":"2016-04-27T16:21:51+00:00","dateModified":"2025-02-18T18:49:08+00:00","breadcrumb":{"@id":"https:\/\/riposodelvento.it\/fr\/termes-et-conditions\/#breadcrumb"},"inLanguage":"fr-FR","potentialAction":[{"@type":"ReadAction","target":["https:\/\/riposodelvento.it\/fr\/termes-et-conditions\/"]}]},{"@type":"BreadcrumbList","@id":"https:\/\/riposodelvento.it\/fr\/termes-et-conditions\/#breadcrumb","itemListElement":[{"@type":"ListItem","position":1,"name":"Home","item":"https:\/\/riposodelvento.it\/"},{"@type":"ListItem","position":2,"name":"Les termes et conditions"}]},{"@type":"WebSite","@id":"https:\/\/www.riposodelvento.it\/en\/#website","url":"https:\/\/www.riposodelvento.it\/en\/","name":"Riposo del Vento","description":"Trulli e B&amp;B in Puglia","potentialAction":[{"@type":"SearchAction","target":{"@type":"EntryPoint","urlTemplate":"https:\/\/www.riposodelvento.it\/en\/?s={search_term_string}"},"query-input":{"@type":"PropertyValueSpecification","valueRequired":true,"valueName":"search_term_string"}}],"inLanguage":"fr-FR"}]}},"_links":{"self":[{"href":"https:\/\/www.riposodelvento.it\/fr\/wp-json\/wp\/v2\/pages\/5118","targetHints":{"allow":["GET"]}}],"collection":[{"href":"https:\/\/www.riposodelvento.it\/fr\/wp-json\/wp\/v2\/pages"}],"about":[{"href":"https:\/\/www.riposodelvento.it\/fr\/wp-json\/wp\/v2\/types\/page"}],"author":[{"embeddable":true,"href":"https:\/\/www.riposodelvento.it\/fr\/wp-json\/wp\/v2\/users\/1"}],"replies":[{"embeddable":true,"href":"https:\/\/www.riposodelvento.it\/fr\/wp-json\/wp\/v2\/comments?post=5118"}],"version-history":[{"count":2,"href":"https:\/\/www.riposodelvento.it\/fr\/wp-json\/wp\/v2\/pages\/5118\/revisions"}],"predecessor-version":[{"id":44875,"href":"https:\/\/www.riposodelvento.it\/fr\/wp-json\/wp\/v2\/pages\/5118\/revisions\/44875"}],"wp:attachment":[{"href":"https:\/\/www.riposodelvento.it\/fr\/wp-json\/wp\/v2\/media?parent=5118"}],"curies":[{"name":"wp","href":"https:\/\/api.w.org\/{rel}","templated":true}]}}