{"id":5194,"date":"2015-02-03T20:15:53","date_gmt":"2015-02-03T19:15:53","guid":{"rendered":"https:\/\/www.riposodelvento.it\/offerte-consigli-curiosita\/"},"modified":"2021-01-07T15:28:39","modified_gmt":"2021-01-07T14:28:39","slug":"a-voir-suggestions","status":"publish","type":"page","link":"https:\/\/www.riposodelvento.it\/fr\/a-voir-suggestions\/","title":{"rendered":"A VOIR &#038; SUGGESTIONS"},"content":{"rendered":"<p><div class=\"fusion-fullwidth fullwidth-box fusion-builder-row-1 nonhundred-percent-fullwidth non-hundred-percent-height-scrolling fusion-equal-height-columns\" style=\"background-color: #f4f8fa;background-position: left top;background-repeat: no-repeat;padding-top:0px;padding-right:0px;padding-bottom:0px;padding-left:0px;margin-bottom: 0px;margin-top: 0px;border-width: 0px 0px 0px 0px;border-color:#eae9e9;border-style:solid;\" ><div class=\"fusion-builder-row fusion-row\"><div class=\"fusion-layout-column fusion_builder_column fusion-builder-column-0 fusion_builder_column_1_1 1_1 fusion-one-full fusion-column-first fusion-column-last\" style=\"margin-top:0px;margin-bottom:20px;\"><div class=\"fusion-column-wrapper fusion-flex-column-wrapper-legacy\" style=\"background-position:left top;background-repeat:no-repeat;-webkit-background-size:cover;-moz-background-size:cover;-o-background-size:cover;background-size:cover;padding: 0px 0px 0px 0px;\"><div class=\"fusion-text fusion-text-1\"><p style=\"letter-spacing: 4px; font-size: 13px; text-align: center; margin-bottom: 0px; text-transform: uppercase;\">NOUVELLES &#038; SUGGESTIONS<\/p>\n<h1 style=\"text-align: center;\">Offres sp\u00e9ciales, tuyaux et tourisme<\/h1>\n<\/div><div class=\"fusion-sep-clear\"><\/div><div class=\"fusion-separator\" style=\"margin-left: auto;margin-right: auto;margin-top:0px;margin-bottom:40px;width:100%;max-width:50px;\"><div class=\"fusion-separator-border sep-single sep-solid\" style=\"border-color:#cbaa5c;border-top-width:1px;\"><\/div><\/div><div class=\"fusion-sep-clear\"><\/div><div class=\"fusion-clearfix\"><\/div><\/div><\/div><\/div><\/div><div class=\"fusion-fullwidth fullwidth-box fusion-builder-row-2 nonhundred-percent-fullwidth non-hundred-percent-height-scrolling\" style=\"background-color: rgba(255,255,255,0);background-position: left top;background-repeat: no-repeat;padding-top:20px;padding-right:0px;padding-bottom:95px;padding-left:0px;margin-bottom: 0px;margin-top: 0px;border-width: 0px 0px 0px 0px;border-color:#eae9e9;border-style:solid;\" ><div class=\"fusion-builder-row fusion-row\"><div class=\"fusion-layout-column fusion_builder_column fusion-builder-column-1 fusion_builder_column_1_1 1_1 fusion-one-full fusion-column-first fusion-column-last fusion-column-no-min-height\" style=\"margin-top:0px;margin-bottom:0px;\"><div class=\"fusion-column-wrapper fusion-flex-column-wrapper-legacy\" style=\"background-position:left top;background-repeat:no-repeat;-webkit-background-size:cover;-moz-background-size:cover;-o-background-size:cover;background-size:cover;padding: 0px 0px 0px 0px;\"><div class=\"fusion-blog-shortcode fusion-blog-shortcode-1 fusion-blog-archive fusion-blog-layout-grid-wrapper fusion-blog-pagination\"><style type=\"text\/css\">.fusion-blog-shortcode-1 .fusion-blog-layout-grid .fusion-post-grid{padding:20px;}.fusion-blog-shortcode-1 .fusion-posts-container{margin-left: -20px !important; margin-right:-20px !important;}<\/style><div class=\"fusion-posts-container fusion-posts-container-pagination fusion-blog-layout-grid fusion-blog-layout-grid-3 isotope\" data-pages=\"1\" data-grid-col-space=\"40\" style=\"margin: -20px -20px 0;min-height:500px;\"><article id=\"blog-1-post-5917\" class=\"fusion-post-grid post-5917 post type-post status-publish format-standard has-post-thumbnail hentry category-troc\">\n<div class=\"fusion-post-wrapper\" style=\"background-color:rgba(255,255,255,0);border:1px solid #ebeaea;border-bottom-width:3px;\">\n\n\t\t\t<div class=\"fusion-flexslider flexslider fusion-flexslider-loading fusion-post-slideshow\" style=\"border-color:#ebeaea;\">\n\t\t<ul class=\"slides\">\n\t\t\t\n\t\t\t\t\t\t\t\t\t\t\t\t\t\t<li>\n\n<div  class=\"fusion-image-wrapper\" aria-haspopup=\"true\">\n\t\n\t\n\t\t\t\n\t\t\t\t<a href=\"https:\/\/www.riposodelvento.it\/fr\/nous-aimons-la-troc\/\" aria-label=\"NOUS AIMONS LA TROC!\">\n\t\t\n\t\t\n\t\t\t\t\t<img decoding=\"async\" width=\"586\" height=\"412\" src=\"https:\/\/www.riposodelvento.it\/wp-content\/uploads\/2015\/05\/Baratto-Riposo-del-Vento-Bed-and-breckfast.jpg\" class=\"attachment-full size-full wp-post-image\" alt=\"\" \/>\n\t\n\n\n\t\t\t\t<\/a>\n\t\t\n\t\n<\/div>\n<\/li>\n\t\t\t\n\t\t\t\n\t\t\t\t\t\t\t\t\t\t\t\t\t\t\t\t\t\t\t\t\t\t\t\t\t\t\t\t\t\t\t\t\t\t\t\t\t\t\t\t\t\t\t\t\t\t\t\t\t\t\t\t\t\t\t\t\t\t\t\t\t\t\t\t\t\t\t\t<\/ul>\n\t<\/div>\n\t<div class=\"fusion-post-content-wrapper\" style=\"padding:30px 25px 25px 25px;\"><div class=\"fusion-post-content post-content\"><h2 class=\"blog-shortcode-post-title entry-title\"><a href=\"https:\/\/www.riposodelvento.it\/fr\/nous-aimons-la-troc\/\">NOUS AIMONS LA TROC!<\/a><\/h2><p class=\"fusion-single-line-meta\"><span class=\"vcard\" style=\"display: none;\"><span class=\"fn\"><a href=\"https:\/\/www.riposodelvento.it\/fr\/author\/francesca\/\" title=\"Posts by Francesca\" rel=\"author\">Francesca<\/a><\/span><\/span><span class=\"updated\" style=\"display:none;\">2017-04-07T19:04:51+02:00<\/span>Categories: <a href=\"https:\/\/www.riposodelvento.it\/fr\/category\/troc\/\" rel=\"category tag\">Troc<\/a><span class=\"fusion-inline-sep\">|<\/span><\/p><div class=\"fusion-content-sep sep-double sep-solid\" style=\"border-color:#e2e2e2;\"><\/div><div class=\"fusion-post-content-container\"><p>Proposer un \u00e9change de troc, et si nous sommes int\u00e9ress\u00e9s peuvent rester avec nous \u00e9changer ce [...]<\/p><\/div><\/div><\/div><div class=\"fusion-clearfix\"><\/div><\/div>\n<\/article>\n<article id=\"blog-1-post-5898\" class=\"fusion-post-grid post-5898 post type-post status-publish format-standard has-post-thumbnail hentry category-les-villages\">\n<div class=\"fusion-post-wrapper\" style=\"background-color:rgba(255,255,255,0);border:1px solid #ebeaea;border-bottom-width:3px;\">\n\n\t\t\t<div class=\"fusion-flexslider flexslider fusion-flexslider-loading fusion-post-slideshow\" style=\"border-color:#ebeaea;\">\n\t\t<ul class=\"slides\">\n\t\t\t\n\t\t\t\t\t\t\t\t\t\t\t\t\t\t<li>\n\n<div  class=\"fusion-image-wrapper\" aria-haspopup=\"true\">\n\t\n\t\n\t\t\t\n\t\t\t\t<a href=\"https:\/\/www.riposodelvento.it\/fr\/alberobello\/\" aria-label=\"Alberobello\">\n\t\t\n\t\t\n\t\t\t\t\t<img decoding=\"async\" width=\"807\" height=\"605\" src=\"https:\/\/www.riposodelvento.it\/wp-content\/uploads\/2016\/05\/Alberobello.jpg\" class=\"attachment-full size-full wp-post-image\" alt=\"\" \/>\n\t\n\n\n\t\t\t\t<\/a>\n\t\t\n\t\n<\/div>\n<\/li>\n\t\t\t\n\t\t\t\n\t\t\t\t\t\t\t\t\t\t\t\t\t\t\t\t\t\t\t\t\t\t\t\t\t\t\t\t\t\t\t\t\t\t\t\t\t\t\t\t\t\t\t\t\t\t\t\t\t\t\t\t\t\t\t\t\t\t\t\t\t\t\t\t\t\t\t\t<\/ul>\n\t<\/div>\n\t<div class=\"fusion-post-content-wrapper\" style=\"padding:30px 25px 25px 25px;\"><div class=\"fusion-post-content post-content\"><h2 class=\"blog-shortcode-post-title entry-title\"><a href=\"https:\/\/www.riposodelvento.it\/fr\/alberobello\/\">Alberobello<\/a><\/h2><p class=\"fusion-single-line-meta\"><span class=\"vcard\" style=\"display: none;\"><span class=\"fn\"><a href=\"https:\/\/www.riposodelvento.it\/fr\/author\/amministratore\/\" title=\"Posts by Mirko\" rel=\"author\">Mirko<\/a><\/span><\/span><span class=\"updated\" style=\"display:none;\">2017-10-11T12:55:05+02:00<\/span>Categories: <a href=\"https:\/\/www.riposodelvento.it\/fr\/category\/les-villages\/\" rel=\"category tag\">Les Villages<\/a><span class=\"fusion-inline-sep\">|<\/span><\/p><div class=\"fusion-content-sep sep-double sep-solid\" style=\"border-color:#e2e2e2;\"><\/div><div class=\"fusion-post-content-container\"><p>La capitale des trulli a \u00e9t\u00e9 d\u00e9clar\u00e9e site du patrimoine mondial de l'UNESCO en 1997. Il [...]<\/p><\/div><\/div><\/div><div class=\"fusion-clearfix\"><\/div><\/div>\n<\/article>\n<article id=\"blog-1-post-5907\" class=\"fusion-post-grid post-5907 post type-post status-publish format-standard has-post-thumbnail hentry category-les-villages\">\n<div class=\"fusion-post-wrapper\" style=\"background-color:rgba(255,255,255,0);border:1px solid #ebeaea;border-bottom-width:3px;\">\n\n\t\t\t<div class=\"fusion-flexslider flexslider fusion-flexslider-loading fusion-post-slideshow\" style=\"border-color:#ebeaea;\">\n\t\t<ul class=\"slides\">\n\t\t\t\n\t\t\t\t\t\t\t\t\t\t\t\t\t\t<li>\n\n<div  class=\"fusion-image-wrapper\" aria-haspopup=\"true\">\n\t\n\t\n\t\t\t\n\t\t\t\t<a href=\"https:\/\/www.riposodelvento.it\/fr\/cisternino\/\" aria-label=\"Cisternino\">\n\t\t\n\t\t\n\t\t\t\t\t<img decoding=\"async\" width=\"689\" height=\"768\" src=\"https:\/\/www.riposodelvento.it\/wp-content\/uploads\/2016\/05\/Cisternino.jpg\" class=\"attachment-full size-full wp-post-image\" alt=\"\" \/>\n\t\n\n\n\t\t\t\t<\/a>\n\t\t\n\t\n<\/div>\n<\/li>\n\t\t\t\n\t\t\t\n\t\t\t\t\t\t\t\t\t\t\t\t\t\t\t\t\t\t\t\t\t\t\t\t\t\t\t\t\t\t\t\t\t\t\t\t\t\t\t\t\t\t\t\t\t\t\t\t\t\t\t\t\t\t\t\t\t\t\t\t\t\t\t\t\t\t\t\t<\/ul>\n\t<\/div>\n\t<div class=\"fusion-post-content-wrapper\" style=\"padding:30px 25px 25px 25px;\"><div class=\"fusion-post-content post-content\"><h2 class=\"blog-shortcode-post-title entry-title\"><a href=\"https:\/\/www.riposodelvento.it\/fr\/cisternino\/\">Cisternino<\/a><\/h2><p class=\"fusion-single-line-meta\"><span class=\"vcard\" style=\"display: none;\"><span class=\"fn\"><a href=\"https:\/\/www.riposodelvento.it\/fr\/author\/amministratore\/\" title=\"Posts by Mirko\" rel=\"author\">Mirko<\/a><\/span><\/span><span class=\"updated\" style=\"display:none;\">2017-02-28T00:46:49+01:00<\/span>Categories: <a href=\"https:\/\/www.riposodelvento.it\/fr\/category\/les-villages\/\" rel=\"category tag\">Les Villages<\/a><span class=\"fusion-inline-sep\">|<\/span><\/p><div class=\"fusion-content-sep sep-double sep-solid\" style=\"border-color:#e2e2e2;\"><\/div><div class=\"fusion-post-content-container\"><p>Il se classe parmi les provinces de Brindisi et de Taranto, dans une position qui domine [...]<\/p><\/div><\/div><\/div><div class=\"fusion-clearfix\"><\/div><\/div>\n<\/article>\n<div class=\"fusion-clearfix\"><\/div><\/div><\/div><div class=\"fusion-clearfix\"><\/div><\/div><\/div><\/div><\/div><div class=\"fusion-fullwidth fullwidth-box fusion-builder-row-3 fusion-parallax-fixed nonhundred-percent-fullwidth non-hundred-percent-height-scrolling\" style=\"background-color: rgba(255,255,255,0);background-image: url(&quot;https:\/\/www.riposodelvento.it\/wp-content\/uploads\/2015\/11\/bb-trullo-restrutturato-valle-itria.jpg&quot;);background-position: right center;background-repeat: no-repeat;padding-top:100px;padding-right:0px;padding-bottom:100px;padding-left:0px;margin-bottom: 0px;margin-top: 0px;border-width: 0px 0px 0px 0px;border-color:#eae9e9;border-style:solid;-webkit-background-size:cover;-moz-background-size:cover;-o-background-size:cover;background-size:cover;background-attachment:fixed;\" ><div class=\"fusion-builder-row fusion-row\"><div class=\"fusion-layout-column fusion_builder_column fusion-builder-column-2 fusion_builder_column_1_6 1_6 fusion-one-sixth fusion-column-first\" style=\"width:13.3333%; margin-right: 4%;margin-top:0px;margin-bottom:20px;\"><div class=\"fusion-column-wrapper fusion-flex-column-wrapper-legacy\" style=\"background-position:left top;background-repeat:no-repeat;-webkit-background-size:cover;-moz-background-size:cover;-o-background-size:cover;background-size:cover;padding: 10%;\"><div class=\"fusion-clearfix\"><\/div><\/div><\/div><div class=\"fusion-layout-column fusion_builder_column fusion-builder-column-3 fusion_builder_column_2_3 2_3 fusion-two-third\" style=\"width:65.3333%; margin-right: 4%;margin-top:0px;margin-bottom:20px;\"><div class=\"fusion-column-wrapper fusion-flex-column-wrapper-legacy\" style=\"background-position:left top;background-repeat:no-repeat;-webkit-background-size:cover;-moz-background-size:cover;-o-background-size:cover;background-size:cover;background-color:rgba(255,255,255,.7);padding: 5%;\"><div class=\"fusion-text fusion-text-2\"><p style=\"letter-spacing: 4px; font-size: 13px; margin-bottom: 0px; text-align: center;\">VENEZ NOUS RENDRE VISITE<\/p>\n<h2 style=\"text-align: center; font-size: 46px; line-height: 44px; margin-bottom: 30px;\" data-inline-lineheight=\"true\" data-inline-fontsize=\"true\" data-lineheight=\"44\" data-fontsize=\"46\">Vos vacances dans les Pouilles!<\/h2>\n<\/div><div class=\"fusion-sep-clear\"><\/div><div class=\"fusion-separator\" style=\"margin-left: auto;margin-right: auto;margin-top:0px;margin-bottom:20px;width:100%;max-width:50px;\"><div class=\"fusion-separator-border sep-single sep-solid\" style=\"border-color:#cbaa5c;border-top-width:1px;\"><\/div><\/div><div class=\"fusion-sep-clear\"><\/div><div class=\"fusion-sep-clear\"><\/div><div class=\"fusion-separator fusion-full-width-sep\" style=\"margin-left: auto;margin-right: auto;margin-top:12px;width:100%;\"><\/div><div class=\"fusion-sep-clear\"><\/div><div class=\"fusion-aligncenter\"><style type=\"text\/css\">.fusion-button.button-1 {border-radius:0px;}<\/style><a class=\"fusion-button button-flat fusion-button-default-size button-default button-1 fusion-button-default-span \" target=\"_self\" href=\"https:\/\/www.riposodelvento.it\/fr\/ou-sommes-nous\/\"><span class=\"fusion-button-text\">ON VOUS ATTEND<\/span><\/a><\/div><div class=\"fusion-clearfix\"><\/div><\/div><\/div><div class=\"fusion-layout-column fusion_builder_column fusion-builder-column-4 fusion_builder_column_1_6 1_6 fusion-one-sixth fusion-column-last\" style=\"width:13.3333%;margin-top:0px;margin-bottom:20px;\"><div class=\"fusion-column-wrapper fusion-flex-column-wrapper-legacy\" style=\"background-position:left top;background-repeat:no-repeat;-webkit-background-size:cover;-moz-background-size:cover;-o-background-size:cover;background-size:cover;padding: 10%;\"><div class=\"fusion-clearfix\"><\/div><\/div><\/div><\/div><\/div><\/p>\n","protected":false},"excerpt":{"rendered":"","protected":false},"author":1,"featured_media":0,"parent":0,"menu_order":0,"comment_status":"open","ping_status":"closed","template":"side-navigation.php","meta":{"_exactmetrics_skip_tracking":false,"_exactmetrics_sitenote_active":false,"_exactmetrics_sitenote_note":"","_exactmetrics_sitenote_category":0,"footnotes":""},"class_list":["post-5194","page","type-page","status-publish","hentry"],"yoast_head":"<!-- This site is optimized with the Yoast SEO plugin v27.2 - https:\/\/yoast.com\/product\/yoast-seo-wordpress\/ -->\n<title>Consigli e suggerimenti su Firenze e dintorni: il Blog del B&amp;B<\/title>\n<meta name=\"robots\" content=\"index, follow, max-snippet:-1, max-image-preview:large, max-video-preview:-1\" \/>\n<link rel=\"canonical\" href=\"https:\/\/www.riposodelvento.it\/fr\/a-voir-suggestions\/\" \/>\n<meta property=\"og:locale\" content=\"fr_FR\" \/>\n<meta property=\"og:type\" content=\"article\" \/>\n<meta property=\"og:title\" content=\"Consigli e suggerimenti su Firenze e dintorni: il Blog del B&amp;B\" \/>\n<meta property=\"og:url\" content=\"https:\/\/www.riposodelvento.it\/fr\/a-voir-suggestions\/\" \/>\n<meta property=\"og:site_name\" content=\"Riposo del Vento\" \/>\n<meta property=\"article:modified_time\" content=\"2021-01-07T14:28:39+00:00\" \/>\n<meta name=\"twitter:card\" content=\"summary_large_image\" \/>\n<meta name=\"twitter:label1\" content=\"Est. reading time\" \/>\n\t<meta name=\"twitter:data1\" content=\"4 minutes\" \/>\n<script type=\"application\/ld+json\" class=\"yoast-schema-graph\">{\"@context\":\"https:\/\/schema.org\",\"@graph\":[{\"@type\":\"WebPage\",\"@id\":\"https:\/\/www.riposodelvento.it\/fr\/a-voir-suggestions\/\",\"url\":\"https:\/\/www.riposodelvento.it\/fr\/a-voir-suggestions\/\",\"name\":\"Consigli e suggerimenti su Firenze e dintorni: il Blog del B&B\",\"isPartOf\":{\"@id\":\"https:\/\/www.riposodelvento.it\/en\/#website\"},\"datePublished\":\"2015-02-03T19:15:53+00:00\",\"dateModified\":\"2021-01-07T14:28:39+00:00\",\"breadcrumb\":{\"@id\":\"https:\/\/www.riposodelvento.it\/fr\/a-voir-suggestions\/#breadcrumb\"},\"inLanguage\":\"fr-FR\",\"potentialAction\":[{\"@type\":\"ReadAction\",\"target\":[\"https:\/\/www.riposodelvento.it\/fr\/a-voir-suggestions\/\"]}]},{\"@type\":\"BreadcrumbList\",\"@id\":\"https:\/\/www.riposodelvento.it\/fr\/a-voir-suggestions\/#breadcrumb\",\"itemListElement\":[{\"@type\":\"ListItem\",\"position\":1,\"name\":\"Home\",\"item\":\"https:\/\/riposodelvento.it\/\"},{\"@type\":\"ListItem\",\"position\":2,\"name\":\"A VOIR &#038; SUGGESTIONS\"}]},{\"@type\":\"WebSite\",\"@id\":\"https:\/\/www.riposodelvento.it\/en\/#website\",\"url\":\"https:\/\/www.riposodelvento.it\/en\/\",\"name\":\"Riposo del Vento\",\"description\":\"Trulli e B&amp;B in Puglia\",\"potentialAction\":[{\"@type\":\"SearchAction\",\"target\":{\"@type\":\"EntryPoint\",\"urlTemplate\":\"https:\/\/www.riposodelvento.it\/en\/?s={search_term_string}\"},\"query-input\":{\"@type\":\"PropertyValueSpecification\",\"valueRequired\":true,\"valueName\":\"search_term_string\"}}],\"inLanguage\":\"fr-FR\"}]}<\/script>\n<!-- \/ Yoast SEO plugin. -->","yoast_head_json":{"title":"Consigli e suggerimenti su Firenze e dintorni: il Blog del B&B","robots":{"index":"index","follow":"follow","max-snippet":"max-snippet:-1","max-image-preview":"max-image-preview:large","max-video-preview":"max-video-preview:-1"},"canonical":"https:\/\/www.riposodelvento.it\/fr\/a-voir-suggestions\/","og_locale":"fr_FR","og_type":"article","og_title":"Consigli e suggerimenti su Firenze e dintorni: il Blog del B&B","og_url":"https:\/\/www.riposodelvento.it\/fr\/a-voir-suggestions\/","og_site_name":"Riposo del Vento","article_modified_time":"2021-01-07T14:28:39+00:00","twitter_card":"summary_large_image","twitter_misc":{"Est. reading time":"4 minutes"},"schema":{"@context":"https:\/\/schema.org","@graph":[{"@type":"WebPage","@id":"https:\/\/www.riposodelvento.it\/fr\/a-voir-suggestions\/","url":"https:\/\/www.riposodelvento.it\/fr\/a-voir-suggestions\/","name":"Consigli e suggerimenti su Firenze e dintorni: il Blog del B&B","isPartOf":{"@id":"https:\/\/www.riposodelvento.it\/en\/#website"},"datePublished":"2015-02-03T19:15:53+00:00","dateModified":"2021-01-07T14:28:39+00:00","breadcrumb":{"@id":"https:\/\/www.riposodelvento.it\/fr\/a-voir-suggestions\/#breadcrumb"},"inLanguage":"fr-FR","potentialAction":[{"@type":"ReadAction","target":["https:\/\/www.riposodelvento.it\/fr\/a-voir-suggestions\/"]}]},{"@type":"BreadcrumbList","@id":"https:\/\/www.riposodelvento.it\/fr\/a-voir-suggestions\/#breadcrumb","itemListElement":[{"@type":"ListItem","position":1,"name":"Home","item":"https:\/\/riposodelvento.it\/"},{"@type":"ListItem","position":2,"name":"A VOIR &#038; SUGGESTIONS"}]},{"@type":"WebSite","@id":"https:\/\/www.riposodelvento.it\/en\/#website","url":"https:\/\/www.riposodelvento.it\/en\/","name":"Riposo del Vento","description":"Trulli e B&amp;B in Puglia","potentialAction":[{"@type":"SearchAction","target":{"@type":"EntryPoint","urlTemplate":"https:\/\/www.riposodelvento.it\/en\/?s={search_term_string}"},"query-input":{"@type":"PropertyValueSpecification","valueRequired":true,"valueName":"search_term_string"}}],"inLanguage":"fr-FR"}]}},"_links":{"self":[{"href":"https:\/\/www.riposodelvento.it\/fr\/wp-json\/wp\/v2\/pages\/5194","targetHints":{"allow":["GET"]}}],"collection":[{"href":"https:\/\/www.riposodelvento.it\/fr\/wp-json\/wp\/v2\/pages"}],"about":[{"href":"https:\/\/www.riposodelvento.it\/fr\/wp-json\/wp\/v2\/types\/page"}],"author":[{"embeddable":true,"href":"https:\/\/www.riposodelvento.it\/fr\/wp-json\/wp\/v2\/users\/1"}],"replies":[{"embeddable":true,"href":"https:\/\/www.riposodelvento.it\/fr\/wp-json\/wp\/v2\/comments?post=5194"}],"version-history":[{"count":1,"href":"https:\/\/www.riposodelvento.it\/fr\/wp-json\/wp\/v2\/pages\/5194\/revisions"}],"predecessor-version":[{"id":14223,"href":"https:\/\/www.riposodelvento.it\/fr\/wp-json\/wp\/v2\/pages\/5194\/revisions\/14223"}],"wp:attachment":[{"href":"https:\/\/www.riposodelvento.it\/fr\/wp-json\/wp\/v2\/media?parent=5194"}],"curies":[{"name":"wp","href":"https:\/\/api.w.org\/{rel}","templated":true}]}}